{"id":14963,"date":"2024-10-26T21:21:28","date_gmt":"2024-10-26T21:21:28","guid":{"rendered":"https:\/\/www.ozcelik.com\/es\/?page_id=14963"},"modified":"2025-10-08T06:27:20","modified_gmt":"2025-10-08T06:27:20","slug":"condiciones-de-uso","status":"publish","type":"page","link":"https:\/\/www.ozcelik.com\/es\/condiciones-de-uso\/","title":{"rendered":"Condiciones de uso"},"content":{"rendered":"<p>\u00d6Z\u00c7EL\u0130K MAK\u0130NA SANAY\u0130 VE T\u0130CARET ANONIM \u015eirketi (\u00ab\u00d6z\u00e7elik Makina\u00bb) y\/o el sitio web de \u00d6z\u00e7elik Makina (\u00absitio web\u00bb), los creadores de todo tipo de contenido del Sitio web, los empleados, las personas y las organizaciones autorizadas por \u00d6z\u00e7elik Makina no tienen ninguna responsabilidad legal o penal por cualquier reclamaci\u00f3n relacionada con da\u00f1os materiales y morales que puedan surgir por no haber le\u00eddo estos t\u00e9rminos o por no actuar de acuerdo con ellos en el futuro.<br \/>\nEs decir: incluido el uso de los art\u00edculos, la informaci\u00f3n, los comentarios, las noticias y las im\u00e1genes que puedan haberse publicado en el sitio web, el uso del logotipo de \u00d6z\u00e7elik Makina, la p\u00e1gina de inicio y los enlaces a subsecciones en otros sitios web, web, correo electr\u00f3nico, sitio m\u00f3vil, etc., y todo tipo de contenido subido y publicado por los usuarios en los servidores de \u00d6z\u00e7elik Makina, pero no incluido en la informaci\u00f3n y los comentarios obtenidos por los visitantes del sitio web, quienes participan en plataformas de comentarios, empresas de publicidad y patrocinio, y el uso de todo tipo de contenido subido y publicado por los usuarios en los servidores de \u00d6z\u00e7elik Makina. \u00d6z\u00e7elik Makina no tiene ninguna responsabilidad legal, penal y\/o personal por cualquier contenido que no est\u00e9 bajo su responsabilidad y autoridad debido a la estructura de Internet, de acuerdo con las pr\u00e1cticas generales, incluyendo, pero sin limitarse a, individuos o publicaciones, y los visitantes de este sitio web aceptan y declaran este tema desde el momento en que entran en este sitio.<br \/>\n\u00d6z\u00e7elik Makina tiene el derecho de cambiar y actualizar unilateralmente estos t\u00e9rminos y condiciones en cualquier momento sin previo aviso.<br \/>\nTodo tipo de informaci\u00f3n, cifras estad\u00edsticas y valores que aparecen en el sitio web han sido recopilados de fuentes cuya fiabilidad se acepta en el marco de las pr\u00e1cticas generales, y \u00d6z\u00e7elik Makina no garantiza en modo alguno su exactitud y adecuaci\u00f3n.<br \/>\n\u00d6z\u00e7elik Makina no tiene ninguna responsabilidad legal o penal por los da\u00f1os directos o indirectos, materiales y\/o morales, negativos y\/o positivos, y otros posibles da\u00f1os y gastos que puedan surgir por el uso de la informaci\u00f3n, las evaluaciones, los comentarios y las cifras y valores estad\u00edsticos del sitio web.<br \/>\nSe supone y acepta que usted ha le\u00eddo las advertencias y declaraciones anteriores antes de entrar en el sitio web y, en caso de cualquier disputa, reclamaci\u00f3n o demanda al respecto, estas frases escritas en el sitio web y todos los dem\u00e1s registros inform\u00e1ticos pertenecientes a \u00d6z\u00e7elik Makina se someter\u00e1n a la autoridad de los tribunales y oficinas de ejecuci\u00f3n de Estambul, de conformidad con el art\u00edculo 193 del C\u00f3digo de Procedimiento Civil, como \u00fanica y verdadera prueba exclusiva. Las personas u organizaciones lo aceptan, declaran y se comprometen a ello.<\/p>\n","protected":false},"excerpt":{"rendered":"<p>\u00d6Z\u00c7EL\u0130K MAK\u0130NA SANAY\u0130 VE T\u0130CARET ANONIM \u015eirketi (\u00ab\u00d6z\u00e7elik Makina\u00bb) y\/o el sitio web de \u00d6z\u00e7elik Makina (\u00absitio web\u00bb), los creadores de todo tipo de contenido del Sitio web, los empleados, las personas y las organizaciones autorizadas por \u00d6z\u00e7elik Makina no tienen ninguna responsabilidad legal o penal por cualquier reclamaci\u00f3n relacionada con da\u00f1os materiales y morales que puedan surgir por no haber le\u00eddo estos t\u00e9rminos o&#8230; <\/p>\n<p class=\"more\"><a class=\"more-link\" href=\"https:\/\/www.ozcelik.com\/es\/condiciones-de-uso\/\">Read More<\/a><\/p>\n","protected":false},"author":1,"featured_media":0,"parent":0,"menu_order":0,"comment_status":"closed","ping_status":"closed","template":"","meta":{"inline_featured_image":false,"footnotes":""},"class_list":["post-14963","page","type-page","status-publish","hentry","is-cat-link-solid is-cat-link-rounded"],"_links":{"self":[{"href":"https:\/\/www.ozcelik.com\/es\/wp-json\/wp\/v2\/pages\/14963","targetHints":{"allow":["GET"]}}],"collection":[{"href":"https:\/\/www.ozcelik.com\/es\/wp-json\/wp\/v2\/pages"}],"about":[{"href":"https:\/\/www.ozcelik.com\/es\/wp-json\/wp\/v2\/types\/page"}],"author":[{"embeddable":true,"href":"https:\/\/www.ozcelik.com\/es\/wp-json\/wp\/v2\/users\/1"}],"replies":[{"embeddable":true,"href":"https:\/\/www.ozcelik.com\/es\/wp-json\/wp\/v2\/comments?post=14963"}],"version-history":[{"count":4,"href":"https:\/\/www.ozcelik.com\/es\/wp-json\/wp\/v2\/pages\/14963\/revisions"}],"predecessor-version":[{"id":20762,"href":"https:\/\/www.ozcelik.com\/es\/wp-json\/wp\/v2\/pages\/14963\/revisions\/20762"}],"wp:attachment":[{"href":"https:\/\/www.ozcelik.com\/es\/wp-json\/wp\/v2\/media?parent=14963"}],"curies":[{"name":"wp","href":"https:\/\/api.w.org\/{rel}","templated":true}]}}