{"id":14965,"date":"2024-10-26T21:21:36","date_gmt":"2024-10-26T21:21:36","guid":{"rendered":"https:\/\/www.ozcelik.com\/es\/?page_id=14965"},"modified":"2025-10-08T06:28:34","modified_gmt":"2025-10-08T06:28:34","slug":"politica-de-cookies","status":"publish","type":"page","link":"https:\/\/www.ozcelik.com\/es\/politica-de-cookies\/","title":{"rendered":"Pol\u00edtica de cookies"},"content":{"rendered":"<p>La presente Pol\u00edtica de cookies (\u00abPol\u00edtica\u00bb) se basa en <b>\u00d6Z\u00c7EL\u0130K MAK\u0130NA SAN. A.\u015e.<\/b> Es v\u00e1lida para el sitio web www.ozcelik.com gestionado por la empresa y las cookies se utilizar\u00e1n tal y como se especifica en la presente Pol\u00edtica durante su visita al sitio.<\/p>\n<ol>\n<li><b>\u00bfQu\u00e9 es una cookie?<\/b> Las cookies son peque\u00f1os archivos de texto que un sitio web crea en su dispositivo y que contienen datos en formato nombre-valor. Las cookies permiten que el sitio web que visita almacene informaci\u00f3n en su dispositivo y que el sitio web utilice esta informaci\u00f3n almacenada durante sus visitas posteriores. Las cookies creadas por un sitio web son almacenadas por el navegador web que utiliza para acceder al sitio, y el acceso remoto a la informaci\u00f3n contenida en las cookies solo es posible por parte de los sitios web ofrecidos bajo el nombre de dominio (por ejemplo, site.org.tr) que cre\u00f3 la cookie y si utiliza el mismo navegador. Las cookies se han convertido en una parte importante de las tecnolog\u00edas web actuales y sus funciones b\u00e1sicas son: el reconocimiento del dispositivo mediante el recuerdo del visitante y sus preferencias. Casi todos los sitios web utilizan cookies.<\/li>\n<li><b>Tipos de cookies<\/b>: Las cookies creadas por el sitio web que visita y que solo pueden ser le\u00eddas por este sitio web son cookies primarias. El contenido presentado en el sitio visitado tambi\u00e9n puede proporcionarse a trav\u00e9s de dominios distintos del nombre de dominio de la direcci\u00f3n de acceso (por ejemplo, ver contenido alojado en una plataforma de v\u00eddeo a trav\u00e9s de un sitio de redes sociales); en este caso, cada nombre de dominio puede crear sus propias cookies de terceros \u00fanicas.<\/li>\n<li><b>\u00bfPara qu\u00e9 se utilizan las cookies?<\/b> Utilizamos cookies para los siguientes fines: recordar sus preferencias de navegaci\u00f3n y uso durante su visita a nuestro sitio web (por ejemplo, el idioma de visualizaci\u00f3n, etc.), facilitar el uso de nuestro sitio web y personalizarlo seg\u00fan sus preferencias; garantizar el correcto funcionamiento de las diversas caracter\u00edsticas y funciones de nuestro sitio web (por ejemplo, mantenerle conectado, incorporar contenido din\u00e1mico, etc.); Recopilar informaci\u00f3n general sobre c\u00f3mo utilizan nuestro sitio web nuestros visitantes y analizar esta informaci\u00f3n para que las p\u00e1ginas err\u00f3neas funcionen, mejorar la experiencia del cliente y eliminar o mejorar las p\u00e1ginas no preferidas. Los datos que recopilamos a trav\u00e9s de las cookies no se utilizan para identificarle, crear perfiles personalizados y orientados, ni para rastrear sus actividades en Internet fuera de nuestro sitio web. Las cookies no se utilizan para fines distintos a los especificados en esta Pol\u00edtica, y todas las transacciones relevantes se llevan a cabo de conformidad con la legislaci\u00f3n en materia de protecci\u00f3n de datos. Tipos de cookies Tipo de cookies Descripci\u00f3n Cookies de sesi\u00f3n Las cookies de sesi\u00f3n son cookies que son v\u00e1lidas durante el uso del sitio web y siguen siendo v\u00e1lidas hasta que se cierra el navegador web. Cookies persistentes Estas cookies son cookies que se almacenan en su navegador y siguen siendo v\u00e1lidas hasta que usted las elimina o hasta su fecha de caducidad. Cookies obligatorias Son cookies que deben utilizarse para que el sitio web funcione correctamente y para que usted pueda beneficiarse de las funciones del sitio y de los servicios ofrecidos. Cookies funcionales y anal\u00edticas Son cookies que se utilizan con fines tales como recordar sus preferencias, utilizar el sitio web de forma eficaz, optimizar el sitio para responder a sus solicitudes y contener datos sobre c\u00f3mo utiliza el sitio. Debido a su naturaleza, este tipo de cookies pueden contener sus datos personales. Por ejemplo, las cookies que registran su preferencia por el idioma de visualizaci\u00f3n del sitio son cookies funcionales. Cookies de seguimiento Las cookies de seguimiento son cookies primarias y de terceros creadas durante su visita a nuestro sitio web y a dominios de terceros. Estas cookies permiten realizar un seguimiento de su historial de clics y visitas en los dominios en los que se crearon y comparar estos registros entre diferentes nombres de dominio. Estas cookies se utilizan con el fin de reconocer y perfilar a los usuarios, orientar las actividades publicitarias y de marketing, y personalizar el contenido. Estas cookies no se utilizar\u00e1n para identificarle ni para tomar decisiones personalizadas.<\/li>\n<li><b>Gesti\u00f3n de cookies<\/b>: Los navegadores web suelen aceptar las cookies autom\u00e1ticamente. El uso de cookies no es obligatorio para utilizar nuestro sitio web, pero si configura su navegador para que no acepte cookies, la calidad de su experiencia de usuario puede disminuir y varias funciones de nuestros sitios pueden verse afectadas. Su navegador: Puede configurarlo para bloquear las cookies de todos los sitios o de sitios espec\u00edficos, para que le avise cuando se crea una cookie, para bloquear las cookies de terceros o para contar todas las cookies como cookies de sesi\u00f3n. Adem\u00e1s, puede eliminar las cookies a trav\u00e9s de su navegador o ver la lista de cookies almacenadas en su navegador y sus valores. Para obtener informaci\u00f3n detallada sobre las funciones de gesti\u00f3n de cookies de su navegador, haga clic en el enlace correspondiente a continuaci\u00f3n para obtener informaci\u00f3n del sitio web de su navegador.<\/li>\n<li>M\u00e1s informaci\u00f3n sobre las cookies Se recomienda a nuestros visitantes que deseen obtener informaci\u00f3n m\u00e1s detallada sobre las cookies que visiten <b>www.aboutcookies.org<\/b> (ingl\u00e9s).<\/li>\n<\/ol>\n","protected":false},"excerpt":{"rendered":"<p>La presente Pol\u00edtica de cookies (\u00abPol\u00edtica\u00bb) se basa en \u00d6Z\u00c7EL\u0130K MAK\u0130NA SAN. A.\u015e. Es v\u00e1lida para el sitio web www.ozcelik.com gestionado por la empresa y las cookies se utilizar\u00e1n tal y como se especifica en la presente Pol\u00edtica durante su visita al sitio. \u00bfQu\u00e9 es una cookie? Las cookies son peque\u00f1os archivos de texto que un sitio web crea en su dispositivo y que contienen&#8230; <\/p>\n<p class=\"more\"><a class=\"more-link\" href=\"https:\/\/www.ozcelik.com\/es\/politica-de-cookies\/\">Read More<\/a><\/p>\n","protected":false},"author":1,"featured_media":0,"parent":0,"menu_order":0,"comment_status":"closed","ping_status":"closed","template":"","meta":{"inline_featured_image":false,"footnotes":""},"class_list":["post-14965","page","type-page","status-publish","hentry","is-cat-link-solid is-cat-link-rounded"],"_links":{"self":[{"href":"https:\/\/www.ozcelik.com\/es\/wp-json\/wp\/v2\/pages\/14965","targetHints":{"allow":["GET"]}}],"collection":[{"href":"https:\/\/www.ozcelik.com\/es\/wp-json\/wp\/v2\/pages"}],"about":[{"href":"https:\/\/www.ozcelik.com\/es\/wp-json\/wp\/v2\/types\/page"}],"author":[{"embeddable":true,"href":"https:\/\/www.ozcelik.com\/es\/wp-json\/wp\/v2\/users\/1"}],"replies":[{"embeddable":true,"href":"https:\/\/www.ozcelik.com\/es\/wp-json\/wp\/v2\/comments?post=14965"}],"version-history":[{"count":3,"href":"https:\/\/www.ozcelik.com\/es\/wp-json\/wp\/v2\/pages\/14965\/revisions"}],"predecessor-version":[{"id":20763,"href":"https:\/\/www.ozcelik.com\/es\/wp-json\/wp\/v2\/pages\/14965\/revisions\/20763"}],"wp:attachment":[{"href":"https:\/\/www.ozcelik.com\/es\/wp-json\/wp\/v2\/media?parent=14965"}],"curies":[{"name":"wp","href":"https:\/\/api.w.org\/{rel}","templated":true}]}}