{"id":14967,"date":"2024-10-26T21:21:43","date_gmt":"2024-10-26T21:21:43","guid":{"rendered":"https:\/\/www.ozcelik.com\/es\/?page_id=14967"},"modified":"2025-10-08T06:29:35","modified_gmt":"2025-10-08T06:29:35","slug":"politica-medioambiental","status":"publish","type":"page","link":"https:\/\/www.ozcelik.com\/es\/politica-medioambiental\/","title":{"rendered":"Pol\u00edtica medioambiental"},"content":{"rendered":"<p>Sabemos que limpiar el medio ambiente contaminado es un m\u00e9todo m\u00e1s dif\u00edcil y costoso que prevenirlo.<br \/>\nHacemos \u00abproducci\u00f3n limpia\u00bb.<br \/>\nLa causa de la contaminaci\u00f3n medioambiental no es el crecimiento demogr\u00e1fico, sino los residuos dom\u00e9sticos e industriales resultantes del aumento del consumo. El da\u00f1o se minimiza reciclando los residuos de forma que no contaminen el medio ambiente y utilizando productos respetuosos con el medio ambiente.<br \/>\nMientras producimos, pensamos y respetamos el derecho a la vida de las generaciones futuras y de todos los seres vivos, el aire, el agua y el suelo&#8230;<br \/>\nCumpliendo con nuestras responsabilidades como es debido.<br \/>\nFabricamos m\u00e1quinas que utilizan la energ\u00eda de forma eficiente.<br \/>\nUtilizamos embalajes de madera.<br \/>\nNo utilizamos disolventes, que son residuos peligrosos.<br \/>\nAprovechamos materiales como los residuos de aluminio y hierro en instalaciones autorizadas con el permiso del Ministerio de Medio Ambiente, Urbanismo y Cambio Clim\u00e1tico.<br \/>\nAl transmitir nuestra sensibilidad hacia el medio ambiente a nuestros empleados y socios comerciales, nos aseguramos de que se difunda y se respalde con acciones.<br \/>\nAmamos el mundo y&#8230;<br \/>\nInvestigamos, aprendemos, educamos, aplicamos para un medio ambiente sostenible&#8230;<\/p>\n","protected":false},"excerpt":{"rendered":"<p>Sabemos que limpiar el medio ambiente contaminado es un m\u00e9todo m\u00e1s dif\u00edcil y costoso que prevenirlo. Hacemos \u00abproducci\u00f3n limpia\u00bb. La causa de la contaminaci\u00f3n medioambiental no es el crecimiento demogr\u00e1fico, sino los residuos dom\u00e9sticos e industriales resultantes del aumento del consumo. El da\u00f1o se minimiza reciclando los residuos de forma que no contaminen el medio ambiente y utilizando productos respetuosos con el medio ambiente. Mientras&#8230; <\/p>\n<p class=\"more\"><a class=\"more-link\" href=\"https:\/\/www.ozcelik.com\/es\/politica-medioambiental\/\">Read More<\/a><\/p>\n","protected":false},"author":1,"featured_media":0,"parent":0,"menu_order":0,"comment_status":"closed","ping_status":"closed","template":"","meta":{"inline_featured_image":false,"footnotes":""},"class_list":["post-14967","page","type-page","status-publish","hentry","is-cat-link-solid is-cat-link-rounded"],"_links":{"self":[{"href":"https:\/\/www.ozcelik.com\/es\/wp-json\/wp\/v2\/pages\/14967","targetHints":{"allow":["GET"]}}],"collection":[{"href":"https:\/\/www.ozcelik.com\/es\/wp-json\/wp\/v2\/pages"}],"about":[{"href":"https:\/\/www.ozcelik.com\/es\/wp-json\/wp\/v2\/types\/page"}],"author":[{"embeddable":true,"href":"https:\/\/www.ozcelik.com\/es\/wp-json\/wp\/v2\/users\/1"}],"replies":[{"embeddable":true,"href":"https:\/\/www.ozcelik.com\/es\/wp-json\/wp\/v2\/comments?post=14967"}],"version-history":[{"count":3,"href":"https:\/\/www.ozcelik.com\/es\/wp-json\/wp\/v2\/pages\/14967\/revisions"}],"predecessor-version":[{"id":20764,"href":"https:\/\/www.ozcelik.com\/es\/wp-json\/wp\/v2\/pages\/14967\/revisions\/20764"}],"wp:attachment":[{"href":"https:\/\/www.ozcelik.com\/es\/wp-json\/wp\/v2\/media?parent=14967"}],"curies":[{"name":"wp","href":"https:\/\/api.w.org\/{rel}","templated":true}]}}