{"id":14969,"date":"2024-10-26T21:21:49","date_gmt":"2024-10-26T21:21:49","guid":{"rendered":"https:\/\/www.ozcelik.com\/es\/?page_id=14969"},"modified":"2025-10-08T06:30:27","modified_gmt":"2025-10-08T06:30:27","slug":"politica-de-calidad","status":"publish","type":"page","link":"https:\/\/www.ozcelik.com\/es\/politica-de-calidad\/","title":{"rendered":"Pol\u00edtica de calidad"},"content":{"rendered":"<p>Nuestra filosof\u00eda b\u00e1sica es ser una empresa turca internacional que proporcione una satisfacci\u00f3n fiable e ilimitada al cliente sin sacrificar la calidad, renov\u00e1ndonos constantemente.<br \/>\n\u00d6z\u00e7elik ha adoptado el principio de ser sensible con las personas y el medio ambiente y proteger la importancia y la confidencialidad de los activos de informaci\u00f3n mientras lleva a cabo sus actividades de producci\u00f3n y servicio.<br \/>\nMediante el uso de tecnolog\u00edas en desarrollo y actualizadas, fabricamos productos f\u00e1cilmente accesibles y fiables que satisfacen las expectativas de los clientes. En este contexto, en los productos y servicios que ofrecemos, mantener la satisfacci\u00f3n del cliente al m\u00e1s alto nivel y gestionar eficazmente sus comentarios constituye la base de nuestra pol\u00edtica de calidad.<br \/>\nEn el marco de los principios de nuestra pol\u00edtica de calidad<br \/>\nCertificaci\u00f3n, acreditaci\u00f3n y mejora continua de nuestro sistema de gesti\u00f3n de la calidad para cumplir los requisitos de la norma ISO 9001 de sistemas de gesti\u00f3n de la calidad.<br \/>\nBas\u00e1ndonos en la filosof\u00eda de la Calidad Total, logrando los objetivos de la empresa y de las unidades con esp\u00edritu de equipo,<br \/>\nRevisando nuestros procesos empresariales y determinando enfoques preventivos que mejoren nuestro rendimiento,<br \/>\nEn l\u00ednea con el enfoque de mejora continua, aumentando la eficiencia en todos nuestros procesos de producci\u00f3n hasta un nivel que nos permita competir a nivel nacional y mundial,<br \/>\nFomentando enfoques innovadores y creativos, llevando a cabo formaciones que aumenten las competencias t\u00e9cnicas y de comportamiento,<br \/>\nGarantizar que nuestros empleados trabajen en entornos c\u00f3modos y seguros, protegi\u00e9ndolos de los efectos negativos del lugar de trabajo y de los accidentes; llevar a cabo an\u00e1lisis de peligros y riesgos con el fin de eliminar las condiciones que puedan afectar negativamente a la salud y la seguridad de todas las partes que puedan verse afectadas por nuestras actividades.<br \/>\nReducir el uso de sustancias nocivas en el dise\u00f1o de los productos y elegir productos que no da\u00f1en el medio ambiente en absoluto o lo hagan en un nivel m\u00ednimo.<br \/>\nMejorar continuamente nuestra eficacia cumpliendo con los requisitos de nuestro Sistema de Gesti\u00f3n de Calidad mediante la mejora continua de nuestros recursos para garantizar la satisfacci\u00f3n del cliente.<br \/>\nActuar de acuerdo con las normativas legales internacionales aplicables, las leyes y normativas nacionales y otras obligaciones.<br \/>\nComo empresa \u00d6z\u00e7elik, se compromete a llevar a cabo estudios en l\u00ednea con todos estos objetivos y a asignar recursos suficientes y in situ para ello.<\/p>\n","protected":false},"excerpt":{"rendered":"<p>Nuestra filosof\u00eda b\u00e1sica es ser una empresa turca internacional que proporcione una satisfacci\u00f3n fiable e ilimitada al cliente sin sacrificar la calidad, renov\u00e1ndonos constantemente. \u00d6z\u00e7elik ha adoptado el principio de ser sensible con las personas y el medio ambiente y proteger la importancia y la confidencialidad de los activos de informaci\u00f3n mientras lleva a cabo sus actividades de producci\u00f3n y servicio. Mediante el uso de&#8230; <\/p>\n<p class=\"more\"><a class=\"more-link\" href=\"https:\/\/www.ozcelik.com\/es\/politica-de-calidad\/\">Read More<\/a><\/p>\n","protected":false},"author":1,"featured_media":0,"parent":0,"menu_order":0,"comment_status":"closed","ping_status":"closed","template":"","meta":{"inline_featured_image":false,"footnotes":""},"class_list":["post-14969","page","type-page","status-publish","hentry","is-cat-link-solid is-cat-link-rounded"],"_links":{"self":[{"href":"https:\/\/www.ozcelik.com\/es\/wp-json\/wp\/v2\/pages\/14969","targetHints":{"allow":["GET"]}}],"collection":[{"href":"https:\/\/www.ozcelik.com\/es\/wp-json\/wp\/v2\/pages"}],"about":[{"href":"https:\/\/www.ozcelik.com\/es\/wp-json\/wp\/v2\/types\/page"}],"author":[{"embeddable":true,"href":"https:\/\/www.ozcelik.com\/es\/wp-json\/wp\/v2\/users\/1"}],"replies":[{"embeddable":true,"href":"https:\/\/www.ozcelik.com\/es\/wp-json\/wp\/v2\/comments?post=14969"}],"version-history":[{"count":3,"href":"https:\/\/www.ozcelik.com\/es\/wp-json\/wp\/v2\/pages\/14969\/revisions"}],"predecessor-version":[{"id":20765,"href":"https:\/\/www.ozcelik.com\/es\/wp-json\/wp\/v2\/pages\/14969\/revisions\/20765"}],"wp:attachment":[{"href":"https:\/\/www.ozcelik.com\/es\/wp-json\/wp\/v2\/media?parent=14969"}],"curies":[{"name":"wp","href":"https:\/\/api.w.org\/{rel}","templated":true}]}}