{"id":14971,"date":"2024-10-26T21:22:00","date_gmt":"2024-10-26T21:22:00","guid":{"rendered":"https:\/\/www.ozcelik.com\/es\/?page_id=14971"},"modified":"2025-10-08T06:33:55","modified_gmt":"2025-10-08T06:33:55","slug":"gestion-integrada","status":"publish","type":"page","link":"https:\/\/www.ozcelik.com\/es\/gestion-integrada\/","title":{"rendered":"Gesti\u00f3n integrada"},"content":{"rendered":"<p>Como \u00d6Z\u00c7EL\u0130K, nuestra filosof\u00eda b\u00e1sica es<\/p>\n<p>El objetivo de nuestro Sistema de Gesti\u00f3n Integrado, que incluye todas las cuestiones relacionadas con la calidad, el medio ambiente y la salud y seguridad en el trabajo, es satisfacer las necesidades y expectativas de nuestras partes interesadas, cumplir con nuestras responsabilidades hacia la sociedad, el medio ambiente y nuestros empleados, y mejorar continuamente la calidad de nuestros servicios.<\/p>\n<p>La pol\u00edtica del Sistema de Gesti\u00f3n Integrado de \u00d6Z\u00c7EL\u0130K se basa en los siguientes puntos para alcanzar este objetivo.<\/p>\n<ul>\n<li>Mejorar continuamente el rendimiento de todos los procesos incluidos en los Sistemas de Gesti\u00f3n Integrados, los productos y los servicios de acuerdo con las leyes nacionales e internacionales y las normas pertinentes, con la participaci\u00f3n de sus empleados, y convertir esto en una cultura corporativa.<\/li>\n<li>Adoptaremos la prestaci\u00f3n de una producci\u00f3n\/servicio de calidad y un trabajo orientado al cliente como principio b\u00e1sico en todos los proyectos que realicemos.<\/li>\n<li>Garantizar la mejora continua de la calidad y la reducci\u00f3n continua de los costes para desarrollar nuevos productos, mejorar los productos y procesos existentes y aumentar la satisfacci\u00f3n del cliente, dando prioridad a los altos est\u00e1ndares de calidad y seguridad en la fase de dise\u00f1o.<\/li>\n<li>Garantizar la continuidad de la satisfacci\u00f3n del cliente proporcionando un servicio posventa de calidad y eficaz.<\/li>\n<li>Trabajar con el principio de cero accidentes en materia de salud y seguridad en el trabajo. Fomentar la participaci\u00f3n de los empleados en el trabajo realizado y proporcionar un entorno de comunicaci\u00f3n abierto.<\/li>\n<li>Prevenir la contaminaci\u00f3n, reducir los residuos y garantizar su eliminaci\u00f3n, principalmente mediante el reciclaje.<\/li>\n<li>Tener en cuenta los posibles impactos medioambientales y los riesgos para la salud y la seguridad en el trabajo en la realizaci\u00f3n de la producci\u00f3n.<\/li>\n<li>Supervisar y medir el rendimiento de los sistemas de gesti\u00f3n, trabajar de forma continua y mejorar el rendimiento de acuerdo con los resultados de dicha supervisi\u00f3n y medici\u00f3n.<\/li>\n<li>Como empresa con un modelo de negocio que cuenta con la confianza de todas las partes interesadas, crecimiento sostenible m\u00e1s all\u00e1 de todas las fronteras en el sector de la producci\u00f3n de maquinaria para el procesamiento de aluminio y PVC.<\/li>\n<\/ul>\n<p>Nuestra pol\u00edtica es un marco para determinar nuestros objetivos, se ha puesto a disposici\u00f3n de las partes pertinentes, se ha comunicado a nuestros empleados y a las partes interesadas, se garantiza su continuidad y se revisa peri\u00f3dicamente.<\/p>\n<p>Garantizar la eficacia del rendimiento de nuestros sistemas de gesti\u00f3n integrada, contribuir a su mejora y desarrollo continuos. Nos comprometemos a revisar continuamente nuestros objetivos y programas y a satisfacer las necesidades de infraestructura, informaci\u00f3n y tecnolog\u00eda necesarias para alcanzar los objetivos, cumplir con los requisitos de los clientes, las normas nacionales e internacionales, las leyes, los reglamentos y los requisitos de nuestros sistemas de gesti\u00f3n, as\u00ed como las normas de la empresa relacionadas con nuestras actividades.<\/p>\n","protected":false},"excerpt":{"rendered":"<p>Como \u00d6Z\u00c7EL\u0130K, nuestra filosof\u00eda b\u00e1sica es El objetivo de nuestro Sistema de Gesti\u00f3n Integrado, que incluye todas las cuestiones relacionadas con la calidad, el medio ambiente y la salud y seguridad en el trabajo, es satisfacer las necesidades y expectativas de nuestras partes interesadas, cumplir con nuestras responsabilidades hacia la sociedad, el medio ambiente y nuestros empleados, y mejorar continuamente la calidad de nuestros servicios&#8230;. <\/p>\n<p class=\"more\"><a class=\"more-link\" href=\"https:\/\/www.ozcelik.com\/es\/gestion-integrada\/\">Read More<\/a><\/p>\n","protected":false},"author":1,"featured_media":0,"parent":0,"menu_order":0,"comment_status":"closed","ping_status":"closed","template":"","meta":{"inline_featured_image":false,"footnotes":""},"class_list":["post-14971","page","type-page","status-publish","hentry","is-cat-link-solid is-cat-link-rounded"],"_links":{"self":[{"href":"https:\/\/www.ozcelik.com\/es\/wp-json\/wp\/v2\/pages\/14971","targetHints":{"allow":["GET"]}}],"collection":[{"href":"https:\/\/www.ozcelik.com\/es\/wp-json\/wp\/v2\/pages"}],"about":[{"href":"https:\/\/www.ozcelik.com\/es\/wp-json\/wp\/v2\/types\/page"}],"author":[{"embeddable":true,"href":"https:\/\/www.ozcelik.com\/es\/wp-json\/wp\/v2\/users\/1"}],"replies":[{"embeddable":true,"href":"https:\/\/www.ozcelik.com\/es\/wp-json\/wp\/v2\/comments?post=14971"}],"version-history":[{"count":3,"href":"https:\/\/www.ozcelik.com\/es\/wp-json\/wp\/v2\/pages\/14971\/revisions"}],"predecessor-version":[{"id":20768,"href":"https:\/\/www.ozcelik.com\/es\/wp-json\/wp\/v2\/pages\/14971\/revisions\/20768"}],"wp:attachment":[{"href":"https:\/\/www.ozcelik.com\/es\/wp-json\/wp\/v2\/media?parent=14971"}],"curies":[{"name":"wp","href":"https:\/\/api.w.org\/{rel}","templated":true}]}}