{"id":17546,"date":"2024-11-26T10:39:48","date_gmt":"2024-11-26T10:39:48","guid":{"rendered":"https:\/\/www.ozcelik.com\/es\/?page_id=17546"},"modified":"2025-10-08T06:32:54","modified_gmt":"2025-10-08T06:32:54","slug":"valores-eticos","status":"publish","type":"page","link":"https:\/\/www.ozcelik.com\/es\/valores-eticos\/","title":{"rendered":"Valores \u00e9ticos"},"content":{"rendered":"<p>Ozcelik Machinery Inc. En, creemos que una comunicaci\u00f3n abierta, honesta y responsable es fundamental para establecer relaciones s\u00f3lidas y generar confianza con todas las partes interesadas. Por este motivo, nos adherimos estrictamente a los siguientes valores \u00e9ticos que gu\u00edan nuestra comunicaci\u00f3n corporativa:<\/p>\n<ol>\n<li>Transparencia: Nos comprometemos a proporcionar informaci\u00f3n precisa y completa, incluso si resulta dif\u00edcil. Creemos en la comunicaci\u00f3n abierta con nuestros empleados, clientes, socios comerciales y el p\u00fablico.<\/li>\n<li>Respeto: Tratamos a todo el mundo con respeto, independientemente de su cargo, origen u opini\u00f3n. Creamos una cultura de di\u00e1logo abierto e inclusi\u00f3n en nuestra comunicaci\u00f3n.<\/li>\n<li>Responsabilidad: Asumimos la responsabilidad de nuestras acciones y palabras. Nos esforzamos por aprender de los errores y mejorar constantemente nuestras pr\u00e1cticas de comunicaci\u00f3n.<\/li>\n<li>Sinceridad: Nos comunicamos con sinceridad, alineando nuestras acciones con nuestras palabras. Evitamos el uso de lenguaje enga\u00f1oso o confuso y nos esforzamos por ser genuinos en todas nuestras interacciones.<\/li>\n<li>Imparcialidad: Nos esforzamos por ser justos y objetivos en nuestra comunicaci\u00f3n, cuidando de presentar todos los aspectos de un tema con precisi\u00f3n y evitando sesgos.<\/li>\n<\/ol>\n<p>Estos valores no se quedan solo en el papel, sino que forman parte de nuestras pr\u00e1cticas diarias y se reflejan en todas nuestras comunicaciones. Al adherirnos a estos principios, nuestro objetivo es generar confianza, fomentar la colaboraci\u00f3n y contribuir a un entorno de trabajo m\u00e1s \u00e9tico y responsable.<\/p>\n<p>Le invitamos a que nos haga responsables de estos valores y a que participe activamente en un di\u00e1logo abierto con nosotros.<\/p>\n","protected":false},"excerpt":{"rendered":"<p>Ozcelik Machinery Inc. En, creemos que una comunicaci\u00f3n abierta, honesta y responsable es fundamental para establecer relaciones s\u00f3lidas y generar confianza con todas las partes interesadas. Por este motivo, nos adherimos estrictamente a los siguientes valores \u00e9ticos que gu\u00edan nuestra comunicaci\u00f3n corporativa: Transparencia: Nos comprometemos a proporcionar informaci\u00f3n precisa y completa, incluso si resulta dif\u00edcil. Creemos en la comunicaci\u00f3n abierta con nuestros empleados, clientes, socios&#8230; <\/p>\n<p class=\"more\"><a class=\"more-link\" href=\"https:\/\/www.ozcelik.com\/es\/valores-eticos\/\">Read More<\/a><\/p>\n","protected":false},"author":1,"featured_media":0,"parent":0,"menu_order":0,"comment_status":"closed","ping_status":"closed","template":"","meta":{"inline_featured_image":false,"footnotes":""},"class_list":["post-17546","page","type-page","status-publish","hentry","is-cat-link-solid is-cat-link-rounded"],"_links":{"self":[{"href":"https:\/\/www.ozcelik.com\/es\/wp-json\/wp\/v2\/pages\/17546","targetHints":{"allow":["GET"]}}],"collection":[{"href":"https:\/\/www.ozcelik.com\/es\/wp-json\/wp\/v2\/pages"}],"about":[{"href":"https:\/\/www.ozcelik.com\/es\/wp-json\/wp\/v2\/types\/page"}],"author":[{"embeddable":true,"href":"https:\/\/www.ozcelik.com\/es\/wp-json\/wp\/v2\/users\/1"}],"replies":[{"embeddable":true,"href":"https:\/\/www.ozcelik.com\/es\/wp-json\/wp\/v2\/comments?post=17546"}],"version-history":[{"count":2,"href":"https:\/\/www.ozcelik.com\/es\/wp-json\/wp\/v2\/pages\/17546\/revisions"}],"predecessor-version":[{"id":20767,"href":"https:\/\/www.ozcelik.com\/es\/wp-json\/wp\/v2\/pages\/17546\/revisions\/20767"}],"wp:attachment":[{"href":"https:\/\/www.ozcelik.com\/es\/wp-json\/wp\/v2\/media?parent=17546"}],"curies":[{"name":"wp","href":"https:\/\/api.w.org\/{rel}","templated":true}]}}