{"id":17549,"date":"2024-11-26T10:42:32","date_gmt":"2024-11-26T10:42:32","guid":{"rendered":"https:\/\/www.ozcelik.com\/es\/?page_id=17549"},"modified":"2025-10-08T06:31:24","modified_gmt":"2025-10-08T06:31:24","slug":"politica-de-recursos-humanos","status":"publish","type":"page","link":"https:\/\/www.ozcelik.com\/es\/politica-de-recursos-humanos\/","title":{"rendered":"Pol\u00edtica de recursos humanos"},"content":{"rendered":"<p><strong>NUESTRA POL\u00cdTICA DE RECURSOS HUMANOS<\/strong><\/p>\n<ul>\n<li>Aumentar los conocimientos, habilidades y competencias de los empleados en relaci\u00f3n con las instituciones y las personas.<\/li>\n<li>Llevar a cabo estudios conjuntos con universidades, escuelas de formaci\u00f3n profesional, instituciones y organizaciones no gubernamentales.<\/li>\n<li>Adoptar, participar y fomentar el concepto de responsabilidad social y los proyectos en todas las aplicaciones.<\/li>\n<li>Seguir las innovaciones y garantizar su adaptaci\u00f3n a la empresa, con el objetivo de alimentar el proceso de innovaci\u00f3n con pr\u00e1cticas de recursos humanos.<\/li>\n<\/ul>\n<p><strong>VALORES<\/strong><\/p>\n<p>Como familia \u00d6Z\u00c7EL\u0130K, nuestro enfoque es <b>\u00abHUMANO\u00bb.<\/b> No debe perderse.<\/p>\n<p>Por lo tanto.<\/p>\n<p><b>Nosotros:<\/b> Somos una comunidad seria, honesta, coherente, justa y con \u00e9tica empresarial hacia todas las personas e instituciones con las que estamos en contacto.<\/p>\n<p><b>Nosotros:<\/b> Somos personas que respetamos los derechos de los dem\u00e1s, protegemos los derechos propios y de nuestras empresas, generamos valor, compartimos el valor que generamos y producimos soluciones dentro del marco de las normas de la buena fe.<\/p>\n<p><b>Nosotros;<\/b> Somos personas conscientes y tolerantes que no discriminamos a las personas por sus caracter\u00edsticas, como la religi\u00f3n, el idioma, el color o el g\u00e9nero.<\/p>\n<p><b>Nosotros; <\/b>Somos instituciones y personas transparentes, responsables, eficaces y eficientes.<\/p>\n<p><b>Nosotros;<\/b> Creemos en el estado de derecho y actuamos de acuerdo con la ley.<\/p>\n<p><b>Nosotros;<\/b> No tememos cometer errores y aprender de ellos.<\/p>\n<p><b>Nosotros;<\/b> Somos personas que nos esforzamos por utilizar la tecnolog\u00eda de forma eficaz para facilitar y agilizar el trabajo y hacer negocios de forma m\u00e1s inteligente.<\/p>\n<p><b>Nosotros;<\/b> Somos personas que conocemos y aplicamos nuestros poderes y responsabilidades corporativas, tenemos una cultura corporativa y cuidamos de nuestro negocio y nuestra empresa.<\/p>\n<p><b>Nosotros;<\/b> Somos personas que trabajamos para crear, mantener y redactar procesos y sistemas en un modelo de negocio en el que se pueden llevar a cabo actividades empresariales sin depender de individuos, y en el que se produce, desarrolla e incorpora informaci\u00f3n corporativa a la memoria corporativa.<\/p>\n<p><b>Nosotros;<\/b> Consideramos que la informaci\u00f3n que tenemos debido a nuestras funciones en la empresa es nuestra propia riqueza y somos personas que utilizamos esta informaci\u00f3n para nuestras empresas.<\/p>\n<p><b>Nosotros;<\/b> Conscientes de que los recursos de nuestra empresa, nuestro pa\u00eds y la naturaleza no son ilimitados, somos personas que creemos en la necesidad de prevenir todo tipo de desperdicio donde se vea.<\/p>\n<p><b>Nosotros; <\/b>Somos personas que trabajamos voluntariamente m\u00e1s all\u00e1 del cumplimiento de nuestras responsabilidades legales para la protecci\u00f3n y mejora de la naturaleza y el medio ambiente.<\/p>\n<p><b>Nosotros:<\/b> Somos personas que no nos rendimos ante las dificultades de los objetivos fijados, creemos, perseveramos y nos esforzamos hasta conseguir el trabajo sin poner excusas.<\/p>\n<p><b>Nosotros:<\/b> Somos personas que aspiramos a la mejora y el desarrollo continuos mediante el establecimiento de objetivos medibles y que merecen la pena.<\/p>\n<p><b>Nosotros:<\/b> Somos personas que vemos el lugar donde trabajamos no solo como un entorno empresarial, sino tambi\u00e9n como un entorno de vida, y nos esforzamos por ser beneficiosos para nuestro pa\u00eds y la humanidad.<\/p>\n<p><strong>SALUD Y SEGURIDAD EN EL TRABAJO<\/strong><\/p>\n<p>Como \u00d6Z\u00c7EL\u0130K, queremos dar las gracias a nuestros contratistas y proveedores, y especialmente a todos nuestros empleados. Proporcionamos un entorno de trabajo en condiciones saludables, seguras y dignas, de conformidad con la legislaci\u00f3n local, en particular las disposiciones de la Ley de Salud y Seguridad en el Trabajo n.\u00ba 6331 publicada por el Ministerio de Trabajo y Seguridad Social. En este sentido, sensibilizamos a nuestros recursos humanos y creamos conciencia sobre estas cuestiones para garantizar la continuidad de un entorno de trabajo seguro y saludable. Para ello, llevamos a cabo una formaci\u00f3n pr\u00e1ctica e interactiva sobre salud y seguridad en el trabajo.<\/p>\n<p>Todos los empleados de \u00d6Z\u00c7EL\u0130K deben cumplir las siguientes normas.<\/p>\n<ol>\n<li>No se contrata a personal que no haya recibido formaci\u00f3n en materia de salud y seguridad en el trabajo.<\/li>\n<li>Todos los empleados act\u00faan de acuerdo con las normas e instrucciones establecidas a tal efecto y deben tomar las precauciones necesarias.<\/li>\n<li>Los empleados no deben guardar en el lugar de trabajo ning\u00fan objeto o sustancia que suponga un peligro para el lugar de trabajo y\/o los trabajadores o que sea ilegal en el lugar de trabajo.<\/li>\n<li>Empleados de \u00d6Z\u00c7EL\u0130K: Est\u00e1 prohibido consumir y\/o estar bajo la influencia de sustancias nocivas para la salud humana (excepto los medicamentos recetados por un m\u00e9dico), como drogas ilegales, alcohol, medicamentos, etc., en las \u00e1reas de trabajo de la empresa, mientras se realizan las tareas de la empresa y durante el uso de los veh\u00edculos y equipos de la empresa.<\/li>\n<li>Como \u00d6Z\u00c7EL\u0130K, esperamos que nuestros empleados no olviden que representan a la empresa y que no muestren actitudes que da\u00f1en la reputaci\u00f3n de la empresa en eventos relacionados con la empresa y los negocios.<\/li>\n<\/ol>\n","protected":false},"excerpt":{"rendered":"<p>NUESTRA POL\u00cdTICA DE RECURSOS HUMANOS Aumentar los conocimientos, habilidades y competencias de los empleados en relaci\u00f3n con las instituciones y las personas. Llevar a cabo estudios conjuntos con universidades, escuelas de formaci\u00f3n profesional, instituciones y organizaciones no gubernamentales. Adoptar, participar y fomentar el concepto de responsabilidad social y los proyectos en todas las aplicaciones. Seguir las innovaciones y garantizar su adaptaci\u00f3n a la empresa, con&#8230; <\/p>\n<p class=\"more\"><a class=\"more-link\" href=\"https:\/\/www.ozcelik.com\/es\/politica-de-recursos-humanos\/\">Read More<\/a><\/p>\n","protected":false},"author":1,"featured_media":0,"parent":0,"menu_order":0,"comment_status":"closed","ping_status":"closed","template":"","meta":{"inline_featured_image":false,"footnotes":""},"class_list":["post-17549","page","type-page","status-publish","hentry","is-cat-link-solid is-cat-link-rounded"],"_links":{"self":[{"href":"https:\/\/www.ozcelik.com\/es\/wp-json\/wp\/v2\/pages\/17549","targetHints":{"allow":["GET"]}}],"collection":[{"href":"https:\/\/www.ozcelik.com\/es\/wp-json\/wp\/v2\/pages"}],"about":[{"href":"https:\/\/www.ozcelik.com\/es\/wp-json\/wp\/v2\/types\/page"}],"author":[{"embeddable":true,"href":"https:\/\/www.ozcelik.com\/es\/wp-json\/wp\/v2\/users\/1"}],"replies":[{"embeddable":true,"href":"https:\/\/www.ozcelik.com\/es\/wp-json\/wp\/v2\/comments?post=17549"}],"version-history":[{"count":2,"href":"https:\/\/www.ozcelik.com\/es\/wp-json\/wp\/v2\/pages\/17549\/revisions"}],"predecessor-version":[{"id":20766,"href":"https:\/\/www.ozcelik.com\/es\/wp-json\/wp\/v2\/pages\/17549\/revisions\/20766"}],"wp:attachment":[{"href":"https:\/\/www.ozcelik.com\/es\/wp-json\/wp\/v2\/media?parent=17549"}],"curies":[{"name":"wp","href":"https:\/\/api.w.org\/{rel}","templated":true}]}}