{"id":14963,"date":"2024-10-26T21:21:28","date_gmt":"2024-10-26T21:21:28","guid":{"rendered":"https:\/\/ozcelik.com\/tr\/?page_id=14963"},"modified":"2024-11-26T07:50:45","modified_gmt":"2024-11-26T07:50:45","slug":"etik-degerler","status":"publish","type":"page","link":"https:\/\/www.ozcelik.com\/tr\/etik-degerler\/","title":{"rendered":"Etik De\u011ferler"},"content":{"rendered":"<p><strong>Etik De\u011ferler<\/strong><\/p>\n<p>&nbsp;<\/p>\n<p><strong>\u00d6z\u00e7elik Makine A.\u015e.&#8217;de,<\/strong> a\u00e7\u0131k, d\u00fcr\u00fcst ve sorumlu ileti\u015fimin, t\u00fcm payda\u015flar\u0131m\u0131zla g\u00fc\u00e7l\u00fc ili\u015fkiler kurmak ve g\u00fcven in\u015fa etmek i\u00e7in temel oldu\u011funa inan\u0131yoruz. Bu nedenle, kurumsal ileti\u015fimimizi y\u00f6nlendiren a\u015fa\u011f\u0131daki etik de\u011ferlere s\u0131k\u0131 s\u0131k\u0131ya ba\u011fl\u0131y\u0131z:<\/p>\n<ol>\n<li><strong>\u015eeffafl\u0131k:<\/strong> Zorlay\u0131c\u0131 olsa bile, do\u011fru ve eksiksiz bilgi sa\u011flama konusunda taahh\u00fctte bulunuyoruz. \u00c7al\u0131\u015fanlar\u0131m\u0131z, m\u00fc\u015fterilerimiz, i\u015f ortaklar\u0131m\u0131z ve kamu ile a\u00e7\u0131k ileti\u015fime inan\u0131yoruz.<\/li>\n<li><strong>Sayg\u0131:<\/strong> Herkesi, konumlar\u0131ndan, ge\u00e7mi\u015flerinden veya g\u00f6r\u00fc\u015flerinden ba\u011f\u0131ms\u0131z olarak sayg\u0131yla kar\u015f\u0131l\u0131yoruz. \u0130leti\u015fimimizde a\u00e7\u0131k diyalog ve kapsay\u0131c\u0131l\u0131k k\u00fclt\u00fcr\u00fc olu\u015fturuyoruz.<\/li>\n<li><strong>Sorumluluk:<\/strong> Hareket ve s\u00f6zlerimiz i\u00e7in sorumluluk al\u0131yoruz. Hatalardan \u00f6\u011frenmeye ve ileti\u015fim uygulamalar\u0131m\u0131z\u0131 s\u00fcrekli olarak geli\u015ftirmeye \u00e7al\u0131\u015f\u0131yoruz.<\/li>\n<li><strong>Samimiyet:<\/strong> samimi bir \u015fekilde ileti\u015fim kuruyor, eylemlerimizi s\u00f6zlerimizle uyumlu hale getiriyoruz. Yan\u0131lt\u0131c\u0131 veya aldat\u0131c\u0131 dil kullanmaktan ka\u00e7\u0131n\u0131yor ve t\u00fcm etkile\u015fimlerimizde ger\u00e7ek olmaya \u00e7al\u0131\u015f\u0131yoruz.<\/li>\n<li><strong>Hakkaniyet<\/strong>: \u0130leti\u015fimimizde adil ve objektif olmaya \u00e7al\u0131\u015f\u0131yor, bir konunun t\u00fcm y\u00f6nlerini do\u011fru bir \u015fekilde sunmaya ve \u00f6nyarg\u0131lardan ka\u00e7\u0131nmaya \u00f6zen g\u00f6steriyoruz.<\/li>\n<\/ol>\n<p>&nbsp;<\/p>\n<p>Bu de\u011ferler sadece k\u00e2\u011f\u0131t \u00fczerinde kalmay\u0131p g\u00fcnl\u00fck uygulamalar\u0131m\u0131z\u0131n bir par\u00e7as\u0131 ve yapt\u0131\u011f\u0131m\u0131z her ileti\u015fimde yans\u0131t\u0131lmaktad\u0131r. Bu prensiplere ba\u011fl\u0131 kalarak, g\u00fcven in\u015fa etmeyi, i\u015f birli\u011fini te\u015fvik etmeyi ve daha etik ve sorumlu bir i\u015f ortam\u0131na katk\u0131da bulunmay\u0131 ama\u00e7l\u0131yoruz.<\/p>\n<p>Sizi, bu de\u011ferlere kar\u015f\u0131 bizi sorumlu tutmaya ve bizimle a\u00e7\u0131k diyaloga aktif olarak kat\u0131lmaya davet ediyoruz.<\/p>\n","protected":false},"excerpt":{"rendered":"<p>Etik De\u011ferler &nbsp; \u00d6z\u00e7elik Makine A.\u015e.&#8217;de, a\u00e7\u0131k, d\u00fcr\u00fcst ve sorumlu ileti\u015fimin, t\u00fcm payda\u015flar\u0131m\u0131zla g\u00fc\u00e7l\u00fc ili\u015fkiler kurmak ve g\u00fcven in\u015fa etmek i\u00e7in temel oldu\u011funa inan\u0131yoruz. Bu nedenle, kurumsal ileti\u015fimimizi y\u00f6nlendiren a\u015fa\u011f\u0131daki etik de\u011ferlere s\u0131k\u0131 s\u0131k\u0131ya ba\u011fl\u0131y\u0131z: \u015eeffafl\u0131k: Zorlay\u0131c\u0131 olsa bile, do\u011fru ve eksiksiz bilgi sa\u011flama konusunda taahh\u00fctte bulunuyoruz. \u00c7al\u0131\u015fanlar\u0131m\u0131z, m\u00fc\u015fterilerimiz, i\u015f ortaklar\u0131m\u0131z ve kamu ile a\u00e7\u0131k ileti\u015fime inan\u0131yoruz. Sayg\u0131: Herkesi, konumlar\u0131ndan, ge\u00e7mi\u015flerinden veya g\u00f6r\u00fc\u015flerinden ba\u011f\u0131ms\u0131z olarak&#8230; <\/p>\n<p class=\"more\"><a class=\"more-link\" href=\"https:\/\/www.ozcelik.com\/tr\/etik-degerler\/\">Read More<\/a><\/p>\n","protected":false},"author":1,"featured_media":0,"parent":0,"menu_order":0,"comment_status":"closed","ping_status":"closed","template":"","meta":{"inline_featured_image":false,"footnotes":""},"class_list":["post-14963","page","type-page","status-publish","hentry","is-cat-link-solid is-cat-link-rounded"],"_links":{"self":[{"href":"https:\/\/www.ozcelik.com\/tr\/wp-json\/wp\/v2\/pages\/14963","targetHints":{"allow":["GET"]}}],"collection":[{"href":"https:\/\/www.ozcelik.com\/tr\/wp-json\/wp\/v2\/pages"}],"about":[{"href":"https:\/\/www.ozcelik.com\/tr\/wp-json\/wp\/v2\/types\/page"}],"author":[{"embeddable":true,"href":"https:\/\/www.ozcelik.com\/tr\/wp-json\/wp\/v2\/users\/1"}],"replies":[{"embeddable":true,"href":"https:\/\/www.ozcelik.com\/tr\/wp-json\/wp\/v2\/comments?post=14963"}],"version-history":[{"count":4,"href":"https:\/\/www.ozcelik.com\/tr\/wp-json\/wp\/v2\/pages\/14963\/revisions"}],"predecessor-version":[{"id":18417,"href":"https:\/\/www.ozcelik.com\/tr\/wp-json\/wp\/v2\/pages\/14963\/revisions\/18417"}],"wp:attachment":[{"href":"https:\/\/www.ozcelik.com\/tr\/wp-json\/wp\/v2\/media?parent=14963"}],"curies":[{"name":"wp","href":"https:\/\/api.w.org\/{rel}","templated":true}]}}