{"id":14967,"date":"2024-10-26T21:21:43","date_gmt":"2024-10-26T21:21:43","guid":{"rendered":"https:\/\/ozcelik.com\/tr\/?page_id=14967"},"modified":"2024-11-26T10:31:43","modified_gmt":"2024-11-26T10:31:43","slug":"cevre-politikasi","status":"publish","type":"page","link":"https:\/\/www.ozcelik.com\/tr\/cevre-politikasi\/","title":{"rendered":"\u00c7evre Politikas\u0131"},"content":{"rendered":"<p>Kirlenen \u00e7evrenin temizlenmesinin \u00f6nlenmesinden daha zor ve pahal\u0131 bir y\u00f6ntem oldu\u011funu biliyoruz.<\/p>\n<p><strong>Biz &#8220;temiz \u00fcretim&#8221; yap\u0131yoruz.<\/strong><\/p>\n<p>\u00c7evre kirlili\u011finin nedeni n\u00fcfus art\u0131\u015f\u0131 de\u011fil, t\u00fcketim art\u0131\u015f\u0131ndan kaynaklanan evsel ve end\u00fcstriyel at\u0131klard\u0131r. At\u0131klar\u0131n \u00e7evre kirlili\u011fi olu\u015fturmayacak \u015fekilde geri d\u00f6n\u00fc\u015ft\u00fcr\u00fclmesi ve \u00e7evre dostu \u00fcr\u00fcnlerin kullan\u0131lmas\u0131yla zarar en az seviyeye inmektedir.<\/p>\n<p>Bizler \u00fcretim yaparken gelecek nesillerin ve t\u00fcm canl\u0131lar\u0131n ya\u015fama hakk\u0131n\u0131, havay\u0131, suyu, topra\u011f\u0131 d\u00fc\u015f\u00fcnerek ve sayg\u0131 duyarak\u2026<\/p>\n<p>\u00dczerimize d\u00fc\u015fen sorumluluklar\u0131 olmas\u0131 gerekti\u011fi gibi yerine getirerek.<\/p>\n<p>Enerjiyi tasarruflu kullanan makineler \u00fcretiyoruz.<\/p>\n<p>Ah\u015fap ambalajlar kullan\u0131yoruz.<\/p>\n<p>Tehlikeli bir at\u0131k olan solventi kullanm\u0131yoruz.<\/p>\n<p>Al\u00fcminyum ve demir at\u0131klar\u0131 gibi materyalleri \u00c7evre, \u015eehircilik ve \u0130klim De\u011fi\u015fikli\u011fi Bakanl\u0131\u011f\u0131 iznine sahip yetkili tesislerde kullan\u0131ma kazand\u0131r\u0131yoruz.<\/p>\n<p>\u00c7evre konusundaki hassasiyetimizi \u00e7al\u0131\u015fanlar\u0131m\u0131za ve i\u015f ortaklar\u0131m\u0131za aktararak yay\u0131lmas\u0131n\u0131 ve eylemlerle desteklenmesini sa\u011fl\u0131yoruz.<\/p>\n<p><strong>D\u00fcnyay\u0131 seviyoruz ve\u2026<\/strong><\/p>\n<p>S\u00fcrd\u00fcr\u00fclebilir bir \u00e7evre i\u00e7in ara\u015ft\u0131r\u0131yoruz, \u00f6\u011freniyoruz, e\u011fitiyoruz, uyguluyoruz\u2026<\/p>\n","protected":false},"excerpt":{"rendered":"<p>Kirlenen \u00e7evrenin temizlenmesinin \u00f6nlenmesinden daha zor ve pahal\u0131 bir y\u00f6ntem oldu\u011funu biliyoruz. Biz &#8220;temiz \u00fcretim&#8221; yap\u0131yoruz. \u00c7evre kirlili\u011finin nedeni n\u00fcfus art\u0131\u015f\u0131 de\u011fil, t\u00fcketim art\u0131\u015f\u0131ndan kaynaklanan evsel ve end\u00fcstriyel at\u0131klard\u0131r. At\u0131klar\u0131n \u00e7evre kirlili\u011fi olu\u015fturmayacak \u015fekilde geri d\u00f6n\u00fc\u015ft\u00fcr\u00fclmesi ve \u00e7evre dostu \u00fcr\u00fcnlerin kullan\u0131lmas\u0131yla zarar en az seviyeye inmektedir. Bizler \u00fcretim yaparken gelecek nesillerin ve t\u00fcm canl\u0131lar\u0131n ya\u015fama hakk\u0131n\u0131, havay\u0131, suyu, topra\u011f\u0131 d\u00fc\u015f\u00fcnerek ve sayg\u0131 duyarak\u2026 \u00dczerimize d\u00fc\u015fen&#8230; <\/p>\n<p class=\"more\"><a class=\"more-link\" href=\"https:\/\/www.ozcelik.com\/tr\/cevre-politikasi\/\">Read More<\/a><\/p>\n","protected":false},"author":1,"featured_media":0,"parent":0,"menu_order":0,"comment_status":"closed","ping_status":"closed","template":"","meta":{"inline_featured_image":false,"footnotes":""},"class_list":["post-14967","page","type-page","status-publish","hentry","is-cat-link-solid is-cat-link-rounded"],"_links":{"self":[{"href":"https:\/\/www.ozcelik.com\/tr\/wp-json\/wp\/v2\/pages\/14967","targetHints":{"allow":["GET"]}}],"collection":[{"href":"https:\/\/www.ozcelik.com\/tr\/wp-json\/wp\/v2\/pages"}],"about":[{"href":"https:\/\/www.ozcelik.com\/tr\/wp-json\/wp\/v2\/types\/page"}],"author":[{"embeddable":true,"href":"https:\/\/www.ozcelik.com\/tr\/wp-json\/wp\/v2\/users\/1"}],"replies":[{"embeddable":true,"href":"https:\/\/www.ozcelik.com\/tr\/wp-json\/wp\/v2\/comments?post=14967"}],"version-history":[{"count":3,"href":"https:\/\/www.ozcelik.com\/tr\/wp-json\/wp\/v2\/pages\/14967\/revisions"}],"predecessor-version":[{"id":18460,"href":"https:\/\/www.ozcelik.com\/tr\/wp-json\/wp\/v2\/pages\/14967\/revisions\/18460"}],"wp:attachment":[{"href":"https:\/\/www.ozcelik.com\/tr\/wp-json\/wp\/v2\/media?parent=14967"}],"curies":[{"name":"wp","href":"https:\/\/api.w.org\/{rel}","templated":true}]}}