{"id":14969,"date":"2024-10-26T21:21:49","date_gmt":"2024-10-26T21:21:49","guid":{"rendered":"https:\/\/ozcelik.com\/tr\/?page_id=14969"},"modified":"2024-11-26T10:30:46","modified_gmt":"2024-11-26T10:30:46","slug":"kalite-politikasi","status":"publish","type":"page","link":"https:\/\/www.ozcelik.com\/tr\/kalite-politikasi\/","title":{"rendered":"Kalite Politikas\u0131"},"content":{"rendered":"<p>Temel felsefemiz, kendimizi s\u00fcrekli yenileyerek, kaliteden \u00f6d\u00fcn vermeden, g\u00fcvenilir ve s\u0131n\u0131rs\u0131z m\u00fc\u015fteri memnuniyeti sa\u011flayan uluslararas\u0131 bir T\u00fcrk firmas\u0131 olmakt\u0131r.<\/p>\n<p>\u00d6z\u00e7elik, \u00fcretim ve hizmet faaliyetlerini ger\u00e7ekle\u015ftirirken insana ve \u00e7evreye duyarl\u0131 olmay\u0131, bilgi varl\u0131klar\u0131n\u0131n \u00f6nemi ve gizlili\u011fini korumay\u0131 ilke edinmi\u015ftir.<\/p>\n<p>Geli\u015fen ve g\u00fcncel teknolojileri kullanarak, m\u00fc\u015fteri beklentilerini kar\u015f\u0131layan, kolay ula\u015f\u0131labilir ve g\u00fcvenilir \u00fcr\u00fcnler \u00fcretiriz. Bu kapsamda, sa\u011flad\u0131\u011f\u0131m\u0131z \u00fcr\u00fcn ve hizmetlerde; m\u00fc\u015fteri memnuniyetini en \u00fcst d\u00fczeyde tutmak ve m\u00fc\u015fteri geri bildirimlerini etkin bir \u015fekilde y\u00f6netmek, kalite politikam\u0131z\u0131n temelini olu\u015fturur.<\/p>\n<p>Kalite politikas\u0131 esaslar\u0131m\u0131z \u00e7er\u00e7evesindeki<\/p>\n<p>Kalite y\u00f6netim sistemimizin ISO 9001 Kalite Y\u00f6netim Sistemleri standard\u0131n\u0131n gereklerini yerine getirecek \u015fekilde dok\u00fcmante edilmesi, belgelendirilmesi ve s\u00fcrekli iyile\u015ftirilmesi,<\/p>\n<p>Toplam Kalite felsefesini esas alarak, tak\u0131m ruhu i\u00e7erisinde \u015firket ve birim hedeflerine ula\u015f\u0131lmas\u0131,<\/p>\n<p>\u0130\u015f s\u00fcre\u00e7lerimizin g\u00f6zden ge\u00e7irilerek, performans\u0131m\u0131z\u0131 geli\u015ftirecek \u00f6nleyici yakla\u015f\u0131mlar\u0131n belirlenmesi,<\/p>\n<p>S\u00fcrekli iyile\u015ftirme yakla\u015f\u0131m\u0131 do\u011frultusunda t\u00fcm \u00fcretim s\u00fcre\u00e7lerimizdeki verimlili\u011fin yurt i\u00e7i ve globalde rekabet edebilecek seviyeye y\u00fckseltilmesi,<\/p>\n<p>Yenilik\u00e7i ve yarat\u0131c\u0131 yakla\u015f\u0131mlar\u0131n cesaretlendirilmesi, teknik ve davran\u0131\u015fsal yetkinlikleri art\u0131racak e\u011fitimlerin ger\u00e7ekle\u015ftirilmesi,<\/p>\n<p>\u00c7al\u0131\u015fanlar\u0131m\u0131z\u0131n i\u015fyerinin olumsuz etkilerinden ve kazalardan koruyarak rahat ve g\u00fcvenli ortamlarda \u00e7al\u0131\u015fmalar\u0131n\u0131 sa\u011flamak, faaliyetlerimizden olumsuz etkilenme ihtimali olan t\u00fcm taraflar\u0131n sa\u011fl\u0131k ve g\u00fcvenliklerini olumsuz etkileyebilecek ko\u015fullar\u0131n ortadan kald\u0131r\u0131lmas\u0131 amac\u0131yla tehlike ve risk analizleri yap\u0131lmas\u0131,<\/p>\n<p>-\u00dcr\u00fcn tasar\u0131mlar\u0131nda zararl\u0131 madde kullan\u0131m\u0131 azaltma ve \u00e7evreye zarar\u0131 hi\u00e7 olmayan ya da asgari seviyede olan \u00fcr\u00fcnler se\u00e7meyi,<\/p>\n<p>M\u00fc\u015fteri memnuniyetini sa\u011flamak amac\u0131yla kaynaklar\u0131m\u0131z\u0131 s\u00fcrekli geli\u015ftirerek Kalite Y\u00f6netim Sistemimizin \u015fartlar\u0131na uyarak etkinli\u011fini s\u00fcrekli iyile\u015ftirilmesi,<\/p>\n<p>Y\u00fcr\u00fcrl\u00fckteki uluslararas\u0131 yasal d\u00fczenlemeler, ulusal kanun\/mevzuat ve di\u011fer y\u00fck\u00fcml\u00fcl\u00fcklere uygun hareket etmesi,<\/p>\n<p>\u00d6z\u00e7elik firmas\u0131 olarak t\u00fcm bu ama\u00e7lar do\u011frultusunda \u00e7al\u0131\u015fmalar yapmay\u0131, bu yolda yeterli ve yerinde kaynak tahsis etmeyi taahh\u00fct etmektedir.<\/p>\n","protected":false},"excerpt":{"rendered":"<p>Temel felsefemiz, kendimizi s\u00fcrekli yenileyerek, kaliteden \u00f6d\u00fcn vermeden, g\u00fcvenilir ve s\u0131n\u0131rs\u0131z m\u00fc\u015fteri memnuniyeti sa\u011flayan uluslararas\u0131 bir T\u00fcrk firmas\u0131 olmakt\u0131r. \u00d6z\u00e7elik, \u00fcretim ve hizmet faaliyetlerini ger\u00e7ekle\u015ftirirken insana ve \u00e7evreye duyarl\u0131 olmay\u0131, bilgi varl\u0131klar\u0131n\u0131n \u00f6nemi ve gizlili\u011fini korumay\u0131 ilke edinmi\u015ftir. Geli\u015fen ve g\u00fcncel teknolojileri kullanarak, m\u00fc\u015fteri beklentilerini kar\u015f\u0131layan, kolay ula\u015f\u0131labilir ve g\u00fcvenilir \u00fcr\u00fcnler \u00fcretiriz. Bu kapsamda, sa\u011flad\u0131\u011f\u0131m\u0131z \u00fcr\u00fcn ve hizmetlerde; m\u00fc\u015fteri memnuniyetini en \u00fcst d\u00fczeyde tutmak ve&#8230; <\/p>\n<p class=\"more\"><a class=\"more-link\" href=\"https:\/\/www.ozcelik.com\/tr\/kalite-politikasi\/\">Read More<\/a><\/p>\n","protected":false},"author":1,"featured_media":0,"parent":0,"menu_order":0,"comment_status":"closed","ping_status":"closed","template":"","meta":{"inline_featured_image":false,"footnotes":""},"class_list":["post-14969","page","type-page","status-publish","hentry","is-cat-link-solid is-cat-link-rounded"],"_links":{"self":[{"href":"https:\/\/www.ozcelik.com\/tr\/wp-json\/wp\/v2\/pages\/14969","targetHints":{"allow":["GET"]}}],"collection":[{"href":"https:\/\/www.ozcelik.com\/tr\/wp-json\/wp\/v2\/pages"}],"about":[{"href":"https:\/\/www.ozcelik.com\/tr\/wp-json\/wp\/v2\/types\/page"}],"author":[{"embeddable":true,"href":"https:\/\/www.ozcelik.com\/tr\/wp-json\/wp\/v2\/users\/1"}],"replies":[{"embeddable":true,"href":"https:\/\/www.ozcelik.com\/tr\/wp-json\/wp\/v2\/comments?post=14969"}],"version-history":[{"count":3,"href":"https:\/\/www.ozcelik.com\/tr\/wp-json\/wp\/v2\/pages\/14969\/revisions"}],"predecessor-version":[{"id":18459,"href":"https:\/\/www.ozcelik.com\/tr\/wp-json\/wp\/v2\/pages\/14969\/revisions\/18459"}],"wp:attachment":[{"href":"https:\/\/www.ozcelik.com\/tr\/wp-json\/wp\/v2\/media?parent=14969"}],"curies":[{"name":"wp","href":"https:\/\/api.w.org\/{rel}","templated":true}]}}