{"id":14971,"date":"2024-10-26T21:22:00","date_gmt":"2024-10-26T21:22:00","guid":{"rendered":"https:\/\/ozcelik.com\/tr\/?page_id=14971"},"modified":"2024-11-26T10:33:12","modified_gmt":"2024-11-26T10:33:12","slug":"entegre-yonetim","status":"publish","type":"page","link":"https:\/\/www.ozcelik.com\/tr\/entegre-yonetim\/","title":{"rendered":"Entegre Y\u00f6netim"},"content":{"rendered":"<p><strong>\u00d6Z\u00c7EL\u0130K<\/strong> olarak Temel felsefemiz,<\/p>\n<p>Kalite, \u00c7evre, \u0130\u015f Sa\u011fl\u0131\u011f\u0131 ve G\u00fcvenli\u011fi konular\u0131n\u0131n t\u00fcm\u00fcn\u00fc i\u00e7ine alan Entegre Y\u00f6netim Sistemimizin amac\u0131; payda\u015flar\u0131m\u0131z\u0131n ihtiya\u00e7 ve beklentilerini kar\u015f\u0131lamak, topluma, \u00e7evreye ve \u00e7al\u0131\u015fanlar\u0131m\u0131za kar\u015f\u0131 olan sorumluluklar\u0131m\u0131z\u0131 yerine getirmek, hizmet kalitemizi s\u00fcrekli iyile\u015ftirmektir.<\/p>\n<p>\u00d6Z\u00c7EL\u0130K Entegre Y\u00f6netim Sistemi Politikas\u0131, bu amaca ula\u015fmak i\u00e7in a\u015fa\u011f\u0131daki maddeleri esas alm\u0131\u015ft\u0131r;<\/p>\n<ul>\n<li>Entegre Y\u00f6netim Sistemleri\u2019 nin i\u00e7erdi\u011fi t\u00fcm s\u00fcre\u00e7lerin performanslar\u0131n\u0131, ulusal ve uluslararas\u0131 yasalara ve ilgili standartlara uygun \u00fcr\u00fcn ve hizmetleri \u00e7al\u0131\u015fanlar\u0131n\u0131n kat\u0131l\u0131m\u0131 ile s\u00fcrekli iyile\u015ftirmeyi ve bunu bir kurumsal k\u00fclt\u00fcr haline getirmeyi,<\/li>\n<li>Ger\u00e7ekle\u015ftirece\u011fimiz t\u00fcm projelerde kaliteli \u00fcretim\/hizmet sunmay\u0131 ve m\u00fc\u015fteri odakl\u0131 \u00e7al\u0131\u015fmay\u0131 temel prensip olarak benimseyece\u011fimizi,<\/li>\n<li>Y\u00fcksek kalite ve g\u00fcvenlik standartlar\u0131n\u0131 tasar\u0131m a\u015famas\u0131nda \u00f6n planda tutarak yeni \u00fcr\u00fcn geli\u015ftirilmesi, mevcut \u00fcr\u00fcn ve s\u00fcre\u00e7lerin iyile\u015ftirilmesi ile m\u00fc\u015fterileri memnuniyetinin art\u0131r\u0131lmas\u0131 amac\u0131yla kalitenin s\u00fcrekli iyile\u015ftirilmesi ve maliyetlerin s\u00fcrekli d\u00fc\u015f\u00fcr\u00fclmesinin sa\u011flanmas\u0131,<\/li>\n<li>Sat\u0131\u015f sonras\u0131 kaliteli ve etkin bir servis sunarak m\u00fc\u015fteri memnuniyetinin s\u00fcreklili\u011fini sa\u011flamay\u0131,<\/li>\n<li>\u0130\u015f sa\u011fl\u0131\u011f\u0131 ve g\u00fcvenli\u011fi konusunda s\u0131f\u0131r kaza ilkesiyle \u00e7al\u0131\u015fmay\u0131. Yap\u0131lan \u00e7al\u0131\u015fmalarda \u00e7al\u0131\u015fanlar\u0131n kat\u0131l\u0131m\u0131n\u0131 te\u015fvik etmeyi ve a\u00e7\u0131k ileti\u015fim ortam\u0131 sa\u011flamay\u0131.<\/li>\n<li>Kirlili\u011fi \u00f6nlemeyi, at\u0131klar\u0131 azaltmay\u0131, \u00f6ncelikle geri kazan\u0131m olmak \u00fczere at\u0131klar\u0131n bertaraf\u0131n\u0131 sa\u011flamay\u0131,<\/li>\n<li>\u00dcretimin ger\u00e7ekle\u015ftirilmesinde olas\u0131 \u00e7evresel etkileri ve i\u015f sa\u011fl\u0131\u011f\u0131 g\u00fcvenli\u011fi risklerini dikkate almay\u0131,<\/li>\n<li>Y\u00f6netim sistemlerinin performans\u0131n\u0131 izlemeyi, \u00f6l\u00e7meyi, bu izleme ve \u00f6l\u00e7me sonu\u00e7lar\u0131na g\u00f6re performans\u0131 art\u0131rmak i\u00e7in s\u00fcrekli \u00e7al\u0131\u015fmak ve iyile\u015ftirmeyi ger\u00e7ekle\u015ftirmeyi,<\/li>\n<li>T\u00fcm payda\u015flar\u0131m\u0131z taraf\u0131ndan g\u00fcvenilen i\u015f modeline sahip \u015firket olarak, Al\u00fcminyum ve Pvc i\u015fleme makineleri \u00fcretimi sekt\u00f6r\u00fcnde t\u00fcm s\u0131n\u0131rlar\u0131n \u00f6tesinde s\u00fcrd\u00fcr\u00fclebilir b\u00fcy\u00fcmeyi,<\/li>\n<\/ul>\n<p>Politikam\u0131z, hedeflerimizin belirlenmesi i\u00e7in bir \u00e7er\u00e7eve niteli\u011finde olup ilgili taraflar\u0131n eri\u015fimine a\u00e7\u0131k hale getirilmi\u015f, \u00e7al\u0131\u015fanlar\u0131m\u0131za ve ilgili taraflar\u0131m\u0131za duyurulmu\u015f, s\u00fcreklili\u011fi sa\u011flanmakta ve periyodik olarak g\u00f6zden ge\u00e7irilmektedir.<\/p>\n<p>Entegre Y\u00f6netim sistemlerimizin performans\u0131n\u0131n etkinli\u011fini sa\u011flamak, s\u00fcrekli iyile\u015ftirilmesi ve geli\u015ftirilmesine katk\u0131da bulunmak. Hedef ve programlar\u0131m\u0131z\u0131 s\u00fcrekli g\u00f6zden ge\u00e7irece\u011fimizi ve hedeflere ula\u015fmak i\u00e7in gerekli alt yap\u0131, bilgi ve teknoloji ihtiyac\u0131n\u0131 kar\u015f\u0131layaca\u011f\u0131m\u0131z\u0131, faaliyetlerimiz ile ilgili m\u00fc\u015fteri \u015fartlar\u0131na, ulusal ve uluslararas\u0131 standartlara, kanun, mevzuat ve y\u00f6netim sistemlerimizin \u015fartlar\u0131na, \u015firket y\u00f6netmeliklerine uymay\u0131 taahh\u00fct ederiz.<\/p>\n","protected":false},"excerpt":{"rendered":"<p>\u00d6Z\u00c7EL\u0130K olarak Temel felsefemiz, Kalite, \u00c7evre, \u0130\u015f Sa\u011fl\u0131\u011f\u0131 ve G\u00fcvenli\u011fi konular\u0131n\u0131n t\u00fcm\u00fcn\u00fc i\u00e7ine alan Entegre Y\u00f6netim Sistemimizin amac\u0131; payda\u015flar\u0131m\u0131z\u0131n ihtiya\u00e7 ve beklentilerini kar\u015f\u0131lamak, topluma, \u00e7evreye ve \u00e7al\u0131\u015fanlar\u0131m\u0131za kar\u015f\u0131 olan sorumluluklar\u0131m\u0131z\u0131 yerine getirmek, hizmet kalitemizi s\u00fcrekli iyile\u015ftirmektir. \u00d6Z\u00c7EL\u0130K Entegre Y\u00f6netim Sistemi Politikas\u0131, bu amaca ula\u015fmak i\u00e7in a\u015fa\u011f\u0131daki maddeleri esas alm\u0131\u015ft\u0131r; Entegre Y\u00f6netim Sistemleri\u2019 nin i\u00e7erdi\u011fi t\u00fcm s\u00fcre\u00e7lerin performanslar\u0131n\u0131, ulusal ve uluslararas\u0131 yasalara ve ilgili standartlara uygun&#8230; <\/p>\n<p class=\"more\"><a class=\"more-link\" href=\"https:\/\/www.ozcelik.com\/tr\/entegre-yonetim\/\">Read More<\/a><\/p>\n","protected":false},"author":1,"featured_media":0,"parent":0,"menu_order":0,"comment_status":"closed","ping_status":"closed","template":"","meta":{"inline_featured_image":false,"footnotes":""},"class_list":["post-14971","page","type-page","status-publish","hentry","is-cat-link-solid is-cat-link-rounded"],"_links":{"self":[{"href":"https:\/\/www.ozcelik.com\/tr\/wp-json\/wp\/v2\/pages\/14971","targetHints":{"allow":["GET"]}}],"collection":[{"href":"https:\/\/www.ozcelik.com\/tr\/wp-json\/wp\/v2\/pages"}],"about":[{"href":"https:\/\/www.ozcelik.com\/tr\/wp-json\/wp\/v2\/types\/page"}],"author":[{"embeddable":true,"href":"https:\/\/www.ozcelik.com\/tr\/wp-json\/wp\/v2\/users\/1"}],"replies":[{"embeddable":true,"href":"https:\/\/www.ozcelik.com\/tr\/wp-json\/wp\/v2\/comments?post=14971"}],"version-history":[{"count":3,"href":"https:\/\/www.ozcelik.com\/tr\/wp-json\/wp\/v2\/pages\/14971\/revisions"}],"predecessor-version":[{"id":18461,"href":"https:\/\/www.ozcelik.com\/tr\/wp-json\/wp\/v2\/pages\/14971\/revisions\/18461"}],"wp:attachment":[{"href":"https:\/\/www.ozcelik.com\/tr\/wp-json\/wp\/v2\/media?parent=14971"}],"curies":[{"name":"wp","href":"https:\/\/api.w.org\/{rel}","templated":true}]}}