{"id":23117,"date":"2026-03-10T08:23:24","date_gmt":"2026-03-10T08:23:24","guid":{"rendered":"https:\/\/www.ozcelik.com\/tr\/?page_id=23117"},"modified":"2026-03-10T08:26:21","modified_gmt":"2026-03-10T08:26:21","slug":"cerez-politikasi-2","status":"publish","type":"page","link":"https:\/\/www.ozcelik.com\/tr\/cerez-politikasi-2\/","title":{"rendered":"\u00c7erez Politikas\u0131"},"content":{"rendered":"<p>Bu \u00c7erez Politikas\u0131 (\u201cPolitika\u201d)\u00a0<strong>\u00d6Z\u00c7EL\u0130K MAK\u0130NA SAN.VE T\u0130C.A.\u015e.<\/strong>\u00a0taraf\u0131ndan y\u00f6netilen www.ozcelikmagaza.com web sitesi i\u00e7in ge\u00e7erli olup \u00e7erezler, siteyi ziyaretiniz s\u0131ras\u0131nda i\u015fbu Politika\u2019da belirtilen \u015fekilde kullan\u0131lacakt\u0131r.<\/p>\n<ol class=\"wp-block-list\">\n<li><strong>\u00c7erez Nedir?<\/strong><\/li>\n<\/ol>\n<p>\u00c7erezler (cookie) bir web sitesi taraf\u0131ndan cihaz\u0131n\u0131zda olu\u015fturulan ve isim-de\u011fer format\u0131nda veri bar\u0131nd\u0131ran k\u00fc\u00e7\u00fck metin dosyalar\u0131d\u0131r. \u00c7erezler; ziyaret etti\u011finiz web sitesinin, cihaz\u0131n\u0131zda bilgi saklamas\u0131n\u0131 ve saklanan bu bilgilerin sonraki ziyaretleriniz s\u0131ras\u0131nda web sitesi taraf\u0131ndan kullan\u0131lmas\u0131n\u0131 m\u00fcmk\u00fcn k\u0131lmaktad\u0131r. Bir web sitesi taraf\u0131ndan olu\u015fturulan \u00e7erezler siteye eri\u015fim i\u00e7in kulland\u0131\u011f\u0131n\u0131z web taray\u0131c\u0131s\u0131 taraf\u0131ndan saklanmakta ve \u00e7erezlerin i\u00e7erdi\u011fi bilgilere sadece \u00e7erezi olu\u015fturan alan ad\u0131 (\u00f6rn. site.org.tr) alt\u0131nda sunulan web siteleri taraf\u0131ndan ve ayn\u0131 taray\u0131c\u0131y\u0131 kulland\u0131\u011f\u0131n\u0131z takdirde uzaktan eri\u015fim m\u00fcmk\u00fcnd\u00fcr. \u00c7erezler, g\u00fcn\u00fcm\u00fczde, web teknolojilerinin \u00f6nemli bir par\u00e7as\u0131 haline gelmi\u015ftir ve temel i\u015flevleri; ziyaret\u00e7inin ve tercihlerinin hat\u0131rlanmas\u0131 ile cihaz\u0131n tan\u0131nmas\u0131d\u0131r. Neredeyse her web sitesinde \u00e7erez kullan\u0131m\u0131 s\u00f6z konusudur.<\/p>\n<ol class=\"wp-block-list\" start=\"2\">\n<li><strong>\u00c7erez \u00c7e\u015fitleri:<\/strong><\/li>\n<\/ol>\n<p>Ziyaret etti\u011finiz web sitesi taraf\u0131ndan olu\u015fturulan ve sadece bu web sitesi taraf\u0131ndan okunabilen \u00e7erezler birincil \u00e7erezlerdir. Ziyaret edilen sitede sunulan i\u00e7erik, eri\u015fim adresindeki alan ad\u0131 d\u0131\u015f\u0131nda ba\u015fka alan adlar\u0131 \u00fczerinden de sa\u011flan\u0131yor olabilir (\u00f6rne\u011fin, bir video platformunda bar\u0131nd\u0131r\u0131lan i\u00e7eri\u011fin sosyal medya sitesi \u00fczerinden g\u00f6r\u00fcnt\u00fclenmesi); bu durumda her bir alan ad\u0131 kendine m\u00fcnhas\u0131r \u00fc\u00e7\u00fcnc\u00fc taraf \u00e7erezler yaratabilir.<\/p>\n<ol class=\"wp-block-list\" start=\"3\">\n<li><strong>\u00c7erezler Ne Ama\u00e7la Kullan\u0131lmaktad\u0131r?<\/strong><\/li>\n<\/ol>\n<p>\u00c7erezleri a\u015fa\u011f\u0131da say\u0131lan ama\u00e7lar ile kullanmaktay\u0131z; Web sitemize ziyaretiniz s\u0131ras\u0131nda gezinti ve kullan\u0131m tercihlerinizi hat\u0131rlamak (\u00f6rn. g\u00f6r\u00fcnt\u00fcleme dili vb.), web sitemizin kullan\u0131m\u0131n\u0131 kolayla\u015ft\u0131rmak ve web sitemizi tercihlerinize g\u00f6re \u00f6zelle\u015ftirmek; Web sitemizin \u00e7e\u015fitli \u00f6zelliklerinin ve i\u015flevlerinin d\u00fczg\u00fcn bir \u015fekilde \u00e7al\u0131\u015fmas\u0131n\u0131 sa\u011flamak (\u00f6rn. oturumunuzu a\u00e7\u0131k tutmak, dinamik i\u00e7eri\u011fi yerle\u015ftirmek vb.); Web sitemizin ziyaret\u00e7ilerimiz taraf\u0131ndan nas\u0131l kullan\u0131ld\u0131\u011f\u0131 hakk\u0131nda genel bilgiler toplamak ve bu bilgileri analiz ederek hatal\u0131 sayfalar\u0131 i\u015fler hale getirmek, m\u00fc\u015fteri deneyimini geli\u015ftirmek, tercih edilmeyen sayfalar\u0131 kald\u0131rmak veya iyile\u015ftirmek. \u00c7erezler \u00fczerinden toplad\u0131\u011f\u0131m\u0131z veriler, kimli\u011finizin belirlenmesi, \u015fahs\u0131n\u0131za \u00f6zel profilleme ve hedefleme yap\u0131lmas\u0131 veya web sitemiz haricindeki internet faaliyetlerinizin takibi amac\u0131yla kullan\u0131lmamaktad\u0131r. \u00c7erezler bu Politika\u2019da belirtilen ama\u00e7lar d\u0131\u015f\u0131nda kullan\u0131lmamakta olup t\u00fcm ilgili i\u015flemler veri koruma mevzuat\u0131na uygun olarak y\u00fcr\u00fct\u00fclmektedir. \u00c7erez T\u00fcrleri \u00c7erez T\u00fcr\u00fc A\u00e7\u0131klama Oturum \u00c7erezleri Oturum \u00e7erezleri, web sitesini kullan\u0131m\u0131n\u0131z s\u0131ras\u0131nda ge\u00e7erli olan \u00e7erezler olup web taray\u0131c\u0131 kapat\u0131l\u0131ncaya kadar ge\u00e7erliliklerini korurlar.<\/p>\n<p>Kal\u0131c\u0131 \u00c7erezler Bu \u00e7erezler taray\u0131c\u0131n\u0131zda saklanan ve taraf\u0131n\u0131zca silininceye dek veya son kullan\u0131m tarihine kadar ge\u00e7erlili\u011fini koruyan \u00e7erezlerdir. Zorunlu \u00c7erezler\u00a0 \u00a0 Web sitesinin d\u00fczg\u00fcn bir \u015fekilde \u00e7al\u0131\u015fabilmesi, sitenin \u00f6zelliklerinden ve sunulan hizmetlerden yararlanabilmeniz i\u00e7in kullan\u0131m\u0131 mecburi olan \u00e7erezlerdir. \u0130\u015flevsel ve Analitik \u00c7erezler Tercihlerinizin hat\u0131rlanmas\u0131, web sitesinin etkin \u015fekilde kullan\u0131lmas\u0131, sitenin isteklerinize cevap verecek \u015fekilde optimize edilmesi gibi ama\u00e7larla kullan\u0131lan ve siteyi nas\u0131l kulland\u0131\u011f\u0131n\u0131z hakk\u0131nda verileri i\u00e7eren \u00e7erezlerdir. Nitelikleri gere\u011fi bu t\u00fcrdeki \u00e7erezler ki\u015fisel verilerinizi i\u00e7erebilir. \u00d6rne\u011fin sitenin g\u00f6r\u00fcnt\u00fclenme dili tercihinizi kaydeden \u00e7erezler birer i\u015flevsel \u00e7erezdir. Takip \u00c7erezleri Takip \u00e7erezleri web sitemizi ve \u00fc\u00e7\u00fcnc\u00fc taraflara ait alan adlar\u0131n\u0131 ziyaretiniz s\u0131ras\u0131nda olu\u015fturulan birincil ve \u00fc\u00e7\u00fcnc\u00fc taraf \u00e7erezlerdir. Bu \u00e7erezler olu\u015fturulduklar\u0131 alan adlar\u0131ndaki t\u0131klama ve ziyaret ge\u00e7mi\u015finizin takibini ve farkl\u0131 alan adlar\u0131 aras\u0131nda bu kay\u0131tlar\u0131n e\u015flenmesini m\u00fcmk\u00fcn k\u0131lmaktad\u0131r. Bu t\u00fcr \u00e7erezler kullan\u0131c\u0131lar\u0131n tan\u0131nmas\u0131 ve profillenmesi, reklam ve pazarlama faaliyetlerinin hedeflenmesi ve i\u00e7eri\u011fin \u00f6zelle\u015ftirilmesi amac\u0131 ile kullan\u0131lmaktad\u0131r. Bu \u00e7erezler kimli\u011finizi belirlemek veya \u015fahs\u0131n\u0131za \u00f6zel kararlar almak i\u00e7in kullan\u0131lmayacakt\u0131r.<\/p>\n<ol class=\"wp-block-list\" start=\"4\">\n<li><strong>\u00c7erezlerin Y\u00f6netimi<\/strong><\/li>\n<\/ol>\n<p>Web taray\u0131c\u0131lar\u0131 genellikle \u00e7erezleri otomatik olarak kabul etmektedir. Web sitemizi kullanabilmek i\u00e7in \u00e7erez kullan\u0131m\u0131 zorunlu de\u011fildir, fakat taray\u0131c\u0131n\u0131z\u0131 \u00e7erezleri kabul etmemeye ayarlaman\u0131z halinde kullan\u0131c\u0131 deneyiminizin kalitesi d\u00fc\u015febilir ve sitelerimizin \u00e7e\u015fitli i\u015flevleri bozulabilir. Taray\u0131c\u0131n\u0131z\u0131; \u00e7erezleri t\u00fcm siteler veya belirli siteler i\u00e7in engelleyecek \u015fekilde, \u00e7erez olu\u015fturuldu\u011funda uyar\u0131 verecek \u015fekilde, \u00fc\u00e7\u00fcnc\u00fc taraf \u00e7erezleri engelleyecek \u015fekilde veya t\u00fcm \u00e7erezleri oturum \u00e7erezi gibi sayacak \u015fekilde yap\u0131land\u0131rabilirsiniz. Ek olarak, taray\u0131c\u0131n\u0131z \u00fczerinden \u00e7erezleri silebilir veya taray\u0131c\u0131n\u0131zda saklanan \u00e7erezlerin listesini ve de\u011ferlerini g\u00f6rebilirsiniz. Taray\u0131c\u0131n\u0131z\u0131n \u00e7erez y\u00f6netimi i\u015flevleri hakk\u0131nda detayl\u0131 bilgi i\u00e7in l\u00fctfen a\u015fa\u011f\u0131daki ilgili linke t\u0131klayarak taray\u0131c\u0131n\u0131z\u0131n web sitesinden bilgi al\u0131n\u0131z.<\/p>\n<ol class=\"wp-block-list\" start=\"5\">\n<li>\u00c7erezler Hakk\u0131nda Daha Fazla Bilgi \u00c7erezler ile ilgili daha detayl\u0131 bilgi almak isteyen ziyaret\u00e7ilerimizin\u00a0<a href=\"https:\/\/ticaret.gov.tr\/data\/65b26ae613b876e190ae5ec4\/Ticaret%20Bakanl%C4%B1%C4%9F%C4%B1%20%C3%87erez%20Politikas%C4%B1.pdf\" target=\"_blank\" rel=\"noopener\"><strong>www.ticaret.org.tr<\/strong><\/a>\u00a0adresini ziyaret etmeleri \u00f6nerilir.<\/li>\n<\/ol>\n","protected":false},"excerpt":{"rendered":"<p>Bu \u00c7erez Politikas\u0131 (\u201cPolitika\u201d)\u00a0\u00d6Z\u00c7EL\u0130K MAK\u0130NA SAN.VE T\u0130C.A.\u015e.\u00a0taraf\u0131ndan y\u00f6netilen www.ozcelikmagaza.com web sitesi i\u00e7in ge\u00e7erli olup \u00e7erezler, siteyi ziyaretiniz s\u0131ras\u0131nda i\u015fbu Politika\u2019da belirtilen \u015fekilde kullan\u0131lacakt\u0131r. \u00c7erez Nedir? \u00c7erezler (cookie) bir web sitesi taraf\u0131ndan cihaz\u0131n\u0131zda olu\u015fturulan ve isim-de\u011fer format\u0131nda veri bar\u0131nd\u0131ran k\u00fc\u00e7\u00fck metin dosyalar\u0131d\u0131r. \u00c7erezler; ziyaret etti\u011finiz web sitesinin, cihaz\u0131n\u0131zda bilgi saklamas\u0131n\u0131 ve saklanan bu bilgilerin sonraki ziyaretleriniz s\u0131ras\u0131nda web sitesi taraf\u0131ndan kullan\u0131lmas\u0131n\u0131 m\u00fcmk\u00fcn k\u0131lmaktad\u0131r. Bir web sitesi&#8230; <\/p>\n<p class=\"more\"><a class=\"more-link\" href=\"https:\/\/www.ozcelik.com\/tr\/cerez-politikasi-2\/\">Read More<\/a><\/p>\n","protected":false},"author":1,"featured_media":0,"parent":0,"menu_order":0,"comment_status":"closed","ping_status":"closed","template":"","meta":{"inline_featured_image":false,"footnotes":""},"class_list":["post-23117","page","type-page","status-publish","hentry","is-cat-link-solid is-cat-link-rounded"],"_links":{"self":[{"href":"https:\/\/www.ozcelik.com\/tr\/wp-json\/wp\/v2\/pages\/23117","targetHints":{"allow":["GET"]}}],"collection":[{"href":"https:\/\/www.ozcelik.com\/tr\/wp-json\/wp\/v2\/pages"}],"about":[{"href":"https:\/\/www.ozcelik.com\/tr\/wp-json\/wp\/v2\/types\/page"}],"author":[{"embeddable":true,"href":"https:\/\/www.ozcelik.com\/tr\/wp-json\/wp\/v2\/users\/1"}],"replies":[{"embeddable":true,"href":"https:\/\/www.ozcelik.com\/tr\/wp-json\/wp\/v2\/comments?post=23117"}],"version-history":[{"count":3,"href":"https:\/\/www.ozcelik.com\/tr\/wp-json\/wp\/v2\/pages\/23117\/revisions"}],"predecessor-version":[{"id":23121,"href":"https:\/\/www.ozcelik.com\/tr\/wp-json\/wp\/v2\/pages\/23117\/revisions\/23121"}],"wp:attachment":[{"href":"https:\/\/www.ozcelik.com\/tr\/wp-json\/wp\/v2\/media?parent=23117"}],"curies":[{"name":"wp","href":"https:\/\/api.w.org\/{rel}","templated":true}]}}